{"id":29,"date":"2022-04-10T09:02:00","date_gmt":"2022-04-10T12:02:00","guid":{"rendered":"https:\/\/autodromodeparauapebas.com.br\/index.php\/portfolio\/"},"modified":"2022-04-10T15:43:56","modified_gmt":"2022-04-10T18:43:56","slug":"portfolio","status":"publish","type":"page","link":"https:\/\/autodromodeparauapebas.com.br\/index.php\/portfolio\/","title":{"rendered":"Portfolio"},"content":{"rendered":"\t\t<div data-elementor-type=\"wp-page\" data-elementor-id=\"29\" class=\"elementor elementor-29\">\n\t\t\t\t\t\t\t\t\t<section class=\"elementor-section elementor-top-section elementor-element elementor-element-3a1e5ed4 elementor-section-height-min-height elementor-section-items-stretch elementor-section-content-middle elementor-section-boxed elementor-section-height-default\" data-id=\"3a1e5ed4\" data-element_type=\"section\">\n\t\t\t\t\t\t<div class=\"elementor-container elementor-column-gap-no\">\n\t\t\t\t\t<div class=\"elementor-column elementor-col-100 elementor-top-column elementor-element elementor-element-5a244b8d\" data-id=\"5a244b8d\" data-element_type=\"column\">\n\t\t\t<div class=\"elementor-widget-wrap elementor-element-populated\">\n\t\t\t\t\t\t\t\t<div class=\"elementor-element elementor-element-2f9ee836 elementor-widget elementor-widget-heading\" data-id=\"2f9ee836\" data-element_type=\"widget\" data-widget_type=\"heading.default\">\n\t\t\t\t<div class=\"elementor-widget-container\">\n\t\t\t<style>\/*! elementor - v3.6.2 - 04-04-2022 *\/\n.elementor-heading-title{padding:0;margin:0;line-height:1}.elementor-widget-heading .elementor-heading-title[class*=elementor-size-]>a{color:inherit;font-size:inherit;line-height:inherit}.elementor-widget-heading .elementor-heading-title.elementor-size-small{font-size:15px}.elementor-widget-heading .elementor-heading-title.elementor-size-medium{font-size:19px}.elementor-widget-heading .elementor-heading-title.elementor-size-large{font-size:29px}.elementor-widget-heading .elementor-heading-title.elementor-size-xl{font-size:39px}.elementor-widget-heading .elementor-heading-title.elementor-size-xxl{font-size:59px}<\/style><h1 class=\"elementor-heading-title elementor-size-default\">Fotos 3D do projeto<\/h1>\t\t<\/div>\n\t\t\t\t<\/div>\n\t\t\t\t<div class=\"elementor-element elementor-element-44a3294c elementor-widget elementor-widget-heading\" data-id=\"44a3294c\" data-element_type=\"widget\" data-widget_type=\"heading.default\">\n\t\t\t\t<div class=\"elementor-widget-container\">\n\t\t\t<h5 class=\"elementor-heading-title elementor-size-default\">Renderiza\u00e7\u00e3o 3D do projeto para melhor visualiza\u00e7\u00e3o do amplo projeto.<\/h5>\t\t<\/div>\n\t\t\t\t<\/div>\n\t\t\t\t\t<\/div>\n\t\t<\/div>\n\t\t\t\t\t\t\t<\/div>\n\t\t<\/section>\n\t\t\t\t<section class=\"elementor-section elementor-top-section elementor-element elementor-element-6f42c074 elementor-section-content-middle elementor-section-full_width elementor-section-height-default elementor-section-height-default\" data-id=\"6f42c074\" data-element_type=\"section\">\n\t\t\t\t\t\t<div class=\"elementor-container elementor-column-gap-no\">\n\t\t\t\t\t<div class=\"elementor-column elementor-col-100 elementor-top-column elementor-element elementor-element-41aa8f05\" data-id=\"41aa8f05\" data-element_type=\"column\">\n\t\t\t<div class=\"elementor-widget-wrap elementor-element-populated\">\n\t\t\t\t\t\t\t\t<div class=\"elementor-element elementor-element-7f8001a1 gallery-spacing-custom elementor-widget elementor-widget-image-gallery\" data-id=\"7f8001a1\" data-element_type=\"widget\" data-widget_type=\"image-gallery.default\">\n\t\t\t\t<div class=\"elementor-widget-container\">\n\t\t\t<style>\/*! elementor - v3.6.2 - 04-04-2022 *\/\n.elementor-image-gallery .gallery-item{display:inline-block;text-align:center;vertical-align:top;width:100%;max-width:100%;margin:0 auto}.elementor-image-gallery .gallery-item img{margin:0 auto}.elementor-image-gallery .gallery-item .gallery-caption{margin:0}.elementor-image-gallery figure img{display:block}.elementor-image-gallery figure figcaption{width:100%}.gallery-spacing-custom .elementor-image-gallery .gallery-icon{padding:0}@media (min-width:768px){.elementor-image-gallery .gallery-columns-2 .gallery-item{max-width:50%}.elementor-image-gallery .gallery-columns-3 .gallery-item{max-width:33.33%}.elementor-image-gallery .gallery-columns-4 .gallery-item{max-width:25%}.elementor-image-gallery .gallery-columns-5 .gallery-item{max-width:20%}.elementor-image-gallery .gallery-columns-6 .gallery-item{max-width:16.666%}.elementor-image-gallery .gallery-columns-7 .gallery-item{max-width:14.28%}.elementor-image-gallery .gallery-columns-8 .gallery-item{max-width:12.5%}.elementor-image-gallery .gallery-columns-9 .gallery-item{max-width:11.11%}.elementor-image-gallery .gallery-columns-10 .gallery-item{max-width:10%}}@media (min-width:480px) and (max-width:767px){.elementor-image-gallery .gallery.gallery-columns-2 .gallery-item,.elementor-image-gallery .gallery.gallery-columns-3 .gallery-item,.elementor-image-gallery .gallery.gallery-columns-4 .gallery-item,.elementor-image-gallery .gallery.gallery-columns-5 .gallery-item,.elementor-image-gallery .gallery.gallery-columns-6 .gallery-item,.elementor-image-gallery .gallery.gallery-columns-7 .gallery-item,.elementor-image-gallery .gallery.gallery-columns-8 .gallery-item,.elementor-image-gallery .gallery.gallery-columns-9 .gallery-item,.elementor-image-gallery .gallery.gallery-columns-10 .gallery-item{max-width:50%}}@media (max-width:479px){.elementor-image-gallery .gallery.gallery-columns-2 .gallery-item,.elementor-image-gallery .gallery.gallery-columns-3 .gallery-item,.elementor-image-gallery .gallery.gallery-columns-4 .gallery-item,.elementor-image-gallery .gallery.gallery-columns-5 .gallery-item,.elementor-image-gallery .gallery.gallery-columns-6 .gallery-item,.elementor-image-gallery .gallery.gallery-columns-7 .gallery-item,.elementor-image-gallery .gallery.gallery-columns-8 .gallery-item,.elementor-image-gallery .gallery.gallery-columns-9 .gallery-item,.elementor-image-gallery .gallery.gallery-columns-10 .gallery-item{max-width:100%}}<\/style>\t\t<div class=\"elementor-image-gallery\">\n\t\t\t\n\t\t<style type=\"text\/css\">\n\t\t\t#gallery-1 {\n\t\t\t\tmargin: auto;\n\t\t\t}\n\t\t\t#gallery-1 .gallery-item {\n\t\t\t\tfloat: left;\n\t\t\t\tmargin-top: 10px;\n\t\t\t\ttext-align: center;\n\t\t\t\twidth: 33%;\n\t\t\t}\n\t\t\t#gallery-1 img {\n\t\t\t\tborder: 2px solid #cfcfcf;\n\t\t\t}\n\t\t\t#gallery-1 .gallery-caption {\n\t\t\t\tmargin-left: 0;\n\t\t\t}\n\t\t\t\/* see gallery_shortcode() in wp-includes\/media.php *\/\n\t\t<\/style>\n\t\t<div id='gallery-1' class='gallery galleryid-29 gallery-columns-3 gallery-size-full'><dl class='gallery-item'>\n\t\t\t<dt class='gallery-icon landscape'>\n\t\t\t\t<a data-elementor-open-lightbox=\"yes\" data-elementor-lightbox-slideshow=\"7f8001a1\" data-elementor-lightbox-title=\"07\" e-action-hash=\"#elementor-action%3Aaction%3Dlightbox%26settings%3DeyJpZCI6MTA3LCJ1cmwiOiJodHRwczpcL1wvYXV0b2Ryb21vZGVwYXJhdWFwZWJhcy5jb20uYnJcL3dwLWNvbnRlbnRcL3VwbG9hZHNcLzIwMjJcLzA0XC8wNy5qcGciLCJzbGlkZXNob3ciOiI3ZjgwMDFhMSJ9\" href='https:\/\/autodromodeparauapebas.com.br\/wp-content\/uploads\/2022\/04\/07.jpg'><img loading=\"lazy\" decoding=\"async\" width=\"526\" height=\"526\" src=\"https:\/\/autodromodeparauapebas.com.br\/wp-content\/uploads\/2022\/04\/07.jpg\" class=\"attachment-full size-full\" alt=\"\" srcset=\"https:\/\/autodromodeparauapebas.com.br\/wp-content\/uploads\/2022\/04\/07.jpg 526w, https:\/\/autodromodeparauapebas.com.br\/wp-content\/uploads\/2022\/04\/07-300x300.jpg 300w, https:\/\/autodromodeparauapebas.com.br\/wp-content\/uploads\/2022\/04\/07-150x150.jpg 150w\" sizes=\"auto, (max-width: 526px) 100vw, 526px\" \/><\/a>\n\t\t\t<\/dt><\/dl><dl class='gallery-item'>\n\t\t\t<dt class='gallery-icon landscape'>\n\t\t\t\t<a data-elementor-open-lightbox=\"yes\" data-elementor-lightbox-slideshow=\"7f8001a1\" data-elementor-lightbox-title=\"05\" e-action-hash=\"#elementor-action%3Aaction%3Dlightbox%26settings%3DeyJpZCI6MTA1LCJ1cmwiOiJodHRwczpcL1wvYXV0b2Ryb21vZGVwYXJhdWFwZWJhcy5jb20uYnJcL3dwLWNvbnRlbnRcL3VwbG9hZHNcLzIwMjJcLzA0XC8wNS5qcGciLCJzbGlkZXNob3ciOiI3ZjgwMDFhMSJ9\" href='https:\/\/autodromodeparauapebas.com.br\/wp-content\/uploads\/2022\/04\/05.jpg'><img loading=\"lazy\" decoding=\"async\" width=\"526\" height=\"526\" src=\"https:\/\/autodromodeparauapebas.com.br\/wp-content\/uploads\/2022\/04\/05.jpg\" class=\"attachment-full size-full\" alt=\"\" srcset=\"https:\/\/autodromodeparauapebas.com.br\/wp-content\/uploads\/2022\/04\/05.jpg 526w, https:\/\/autodromodeparauapebas.com.br\/wp-content\/uploads\/2022\/04\/05-300x300.jpg 300w, https:\/\/autodromodeparauapebas.com.br\/wp-content\/uploads\/2022\/04\/05-150x150.jpg 150w\" sizes=\"auto, (max-width: 526px) 100vw, 526px\" \/><\/a>\n\t\t\t<\/dt><\/dl><dl class='gallery-item'>\n\t\t\t<dt class='gallery-icon landscape'>\n\t\t\t\t<a data-elementor-open-lightbox=\"yes\" data-elementor-lightbox-slideshow=\"7f8001a1\" data-elementor-lightbox-title=\"04\" e-action-hash=\"#elementor-action%3Aaction%3Dlightbox%26settings%3DeyJpZCI6MTA0LCJ1cmwiOiJodHRwczpcL1wvYXV0b2Ryb21vZGVwYXJhdWFwZWJhcy5jb20uYnJcL3dwLWNvbnRlbnRcL3VwbG9hZHNcLzIwMjJcLzA0XC8wNC5qcGciLCJzbGlkZXNob3ciOiI3ZjgwMDFhMSJ9\" href='https:\/\/autodromodeparauapebas.com.br\/wp-content\/uploads\/2022\/04\/04.jpg'><img loading=\"lazy\" decoding=\"async\" width=\"526\" height=\"526\" src=\"https:\/\/autodromodeparauapebas.com.br\/wp-content\/uploads\/2022\/04\/04.jpg\" class=\"attachment-full size-full\" alt=\"\" srcset=\"https:\/\/autodromodeparauapebas.com.br\/wp-content\/uploads\/2022\/04\/04.jpg 526w, https:\/\/autodromodeparauapebas.com.br\/wp-content\/uploads\/2022\/04\/04-300x300.jpg 300w, https:\/\/autodromodeparauapebas.com.br\/wp-content\/uploads\/2022\/04\/04-150x150.jpg 150w\" sizes=\"auto, (max-width: 526px) 100vw, 526px\" \/><\/a>\n\t\t\t<\/dt><\/dl><br style=\"clear: both\" \/><dl class='gallery-item'>\n\t\t\t<dt class='gallery-icon landscape'>\n\t\t\t\t<a data-elementor-open-lightbox=\"yes\" data-elementor-lightbox-slideshow=\"7f8001a1\" data-elementor-lightbox-title=\"03\" e-action-hash=\"#elementor-action%3Aaction%3Dlightbox%26settings%3DeyJpZCI6MTAzLCJ1cmwiOiJodHRwczpcL1wvYXV0b2Ryb21vZGVwYXJhdWFwZWJhcy5jb20uYnJcL3dwLWNvbnRlbnRcL3VwbG9hZHNcLzIwMjJcLzA0XC8wMy5qcGciLCJzbGlkZXNob3ciOiI3ZjgwMDFhMSJ9\" href='https:\/\/autodromodeparauapebas.com.br\/wp-content\/uploads\/2022\/04\/03.jpg'><img loading=\"lazy\" decoding=\"async\" width=\"526\" height=\"526\" src=\"https:\/\/autodromodeparauapebas.com.br\/wp-content\/uploads\/2022\/04\/03.jpg\" class=\"attachment-full size-full\" alt=\"\" srcset=\"https:\/\/autodromodeparauapebas.com.br\/wp-content\/uploads\/2022\/04\/03.jpg 526w, https:\/\/autodromodeparauapebas.com.br\/wp-content\/uploads\/2022\/04\/03-300x300.jpg 300w, https:\/\/autodromodeparauapebas.com.br\/wp-content\/uploads\/2022\/04\/03-150x150.jpg 150w\" sizes=\"auto, (max-width: 526px) 100vw, 526px\" \/><\/a>\n\t\t\t<\/dt><\/dl><dl class='gallery-item'>\n\t\t\t<dt class='gallery-icon landscape'>\n\t\t\t\t<a data-elementor-open-lightbox=\"yes\" data-elementor-lightbox-slideshow=\"7f8001a1\" data-elementor-lightbox-title=\"06\" e-action-hash=\"#elementor-action%3Aaction%3Dlightbox%26settings%3DeyJpZCI6MTA2LCJ1cmwiOiJodHRwczpcL1wvYXV0b2Ryb21vZGVwYXJhdWFwZWJhcy5jb20uYnJcL3dwLWNvbnRlbnRcL3VwbG9hZHNcLzIwMjJcLzA0XC8wNi5qcGciLCJzbGlkZXNob3ciOiI3ZjgwMDFhMSJ9\" href='https:\/\/autodromodeparauapebas.com.br\/wp-content\/uploads\/2022\/04\/06.jpg'><img loading=\"lazy\" decoding=\"async\" width=\"526\" height=\"526\" src=\"https:\/\/autodromodeparauapebas.com.br\/wp-content\/uploads\/2022\/04\/06.jpg\" class=\"attachment-full size-full\" alt=\"\" srcset=\"https:\/\/autodromodeparauapebas.com.br\/wp-content\/uploads\/2022\/04\/06.jpg 526w, https:\/\/autodromodeparauapebas.com.br\/wp-content\/uploads\/2022\/04\/06-300x300.jpg 300w, https:\/\/autodromodeparauapebas.com.br\/wp-content\/uploads\/2022\/04\/06-150x150.jpg 150w\" sizes=\"auto, (max-width: 526px) 100vw, 526px\" \/><\/a>\n\t\t\t<\/dt><\/dl><dl class='gallery-item'>\n\t\t\t<dt class='gallery-icon landscape'>\n\t\t\t\t<a data-elementor-open-lightbox=\"yes\" data-elementor-lightbox-slideshow=\"7f8001a1\" data-elementor-lightbox-title=\"08\" e-action-hash=\"#elementor-action%3Aaction%3Dlightbox%26settings%3DeyJpZCI6MTA4LCJ1cmwiOiJodHRwczpcL1wvYXV0b2Ryb21vZGVwYXJhdWFwZWJhcy5jb20uYnJcL3dwLWNvbnRlbnRcL3VwbG9hZHNcLzIwMjJcLzA0XC8wOC5qcGciLCJzbGlkZXNob3ciOiI3ZjgwMDFhMSJ9\" href='https:\/\/autodromodeparauapebas.com.br\/wp-content\/uploads\/2022\/04\/08.jpg'><img loading=\"lazy\" decoding=\"async\" width=\"526\" height=\"526\" src=\"https:\/\/autodromodeparauapebas.com.br\/wp-content\/uploads\/2022\/04\/08.jpg\" class=\"attachment-full size-full\" alt=\"\" srcset=\"https:\/\/autodromodeparauapebas.com.br\/wp-content\/uploads\/2022\/04\/08.jpg 526w, https:\/\/autodromodeparauapebas.com.br\/wp-content\/uploads\/2022\/04\/08-300x300.jpg 300w, https:\/\/autodromodeparauapebas.com.br\/wp-content\/uploads\/2022\/04\/08-150x150.jpg 150w\" sizes=\"auto, (max-width: 526px) 100vw, 526px\" \/><\/a>\n\t\t\t<\/dt><\/dl><br style=\"clear: both\" \/><dl class='gallery-item'>\n\t\t\t<dt class='gallery-icon landscape'>\n\t\t\t\t<a data-elementor-open-lightbox=\"yes\" data-elementor-lightbox-slideshow=\"7f8001a1\" data-elementor-lightbox-title=\"01\" e-action-hash=\"#elementor-action%3Aaction%3Dlightbox%26settings%3DeyJpZCI6OTMsInVybCI6Imh0dHBzOlwvXC9hdXRvZHJvbW9kZXBhcmF1YXBlYmFzLmNvbS5iclwvd3AtY29udGVudFwvdXBsb2Fkc1wvMjAyMlwvMDRcLzAxLTEuanBnIiwic2xpZGVzaG93IjoiN2Y4MDAxYTEifQ%3D%3D\" href='https:\/\/autodromodeparauapebas.com.br\/wp-content\/uploads\/2022\/04\/01-1.jpg'><img loading=\"lazy\" decoding=\"async\" width=\"611\" height=\"458\" src=\"https:\/\/autodromodeparauapebas.com.br\/wp-content\/uploads\/2022\/04\/01-1.jpg\" class=\"attachment-full size-full\" alt=\"\" srcset=\"https:\/\/autodromodeparauapebas.com.br\/wp-content\/uploads\/2022\/04\/01-1.jpg 611w, https:\/\/autodromodeparauapebas.com.br\/wp-content\/uploads\/2022\/04\/01-1-300x225.jpg 300w\" sizes=\"auto, (max-width: 611px) 100vw, 611px\" \/><\/a>\n\t\t\t<\/dt><\/dl>\n\t\t\t<br style='clear: both' \/>\n\t\t<\/div>\n\t\t<\/div>\n\t\t\t\t<\/div>\n\t\t\t\t<\/div>\n\t\t\t\t\t<\/div>\n\t\t<\/div>\n\t\t\t\t\t\t\t<\/div>\n\t\t<\/section>\n\t\t\t\t<section class=\"elementor-section elementor-top-section elementor-element elementor-element-2335fa02 elementor-section-full_width elementor-section-content-middle elementor-reverse-mobile elementor-section-height-default elementor-section-height-default\" data-id=\"2335fa02\" data-element_type=\"section\" data-settings=\"{&quot;background_background&quot;:&quot;classic&quot;}\">\n\t\t\t\t\t\t<div class=\"elementor-container elementor-column-gap-no\">\n\t\t\t\t\t<div class=\"elementor-column elementor-col-50 elementor-top-column elementor-element elementor-element-526ac8a2\" data-id=\"526ac8a2\" data-element_type=\"column\">\n\t\t\t<div class=\"elementor-widget-wrap elementor-element-populated\">\n\t\t\t\t\t\t\t\t<div class=\"elementor-element elementor-element-16f19bbb elementor-widget elementor-widget-heading\" data-id=\"16f19bbb\" data-element_type=\"widget\" data-widget_type=\"heading.default\">\n\t\t\t\t<div class=\"elementor-widget-container\">\n\t\t\t<h2 class=\"elementor-heading-title elementor-size-default\">Nossa cidade tur\u00edstica <\/h2>\t\t<\/div>\n\t\t\t\t<\/div>\n\t\t\t\t<div class=\"elementor-element elementor-element-2fd64f35 elementor-widget elementor-widget-text-editor\" data-id=\"2fd64f35\" data-element_type=\"widget\" data-widget_type=\"text-editor.default\">\n\t\t\t\t<div class=\"elementor-widget-container\">\n\t\t\t<style>\/*! elementor - v3.6.2 - 04-04-2022 *\/\n.elementor-widget-text-editor.elementor-drop-cap-view-stacked .elementor-drop-cap{background-color:#818a91;color:#fff}.elementor-widget-text-editor.elementor-drop-cap-view-framed .elementor-drop-cap{color:#818a91;border:3px solid;background-color:transparent}.elementor-widget-text-editor:not(.elementor-drop-cap-view-default) .elementor-drop-cap{margin-top:8px}.elementor-widget-text-editor:not(.elementor-drop-cap-view-default) .elementor-drop-cap-letter{width:1em;height:1em}.elementor-widget-text-editor .elementor-drop-cap{float:left;text-align:center;line-height:1;font-size:50px}.elementor-widget-text-editor .elementor-drop-cap-letter{display:inline-block}<\/style>\t\t\t\t<p>\u00c9 mais desenvolvimento sustent\u00e1vel.\u00a0<\/p>\t\t\t\t\t\t<\/div>\n\t\t\t\t<\/div>\n\t\t\t\t<div class=\"elementor-element elementor-element-531f7c3a elementor-invisible elementor-widget elementor-widget-button\" data-id=\"531f7c3a\" data-element_type=\"widget\" data-settings=\"{&quot;_animation&quot;:&quot;fadeInDown&quot;}\" data-widget_type=\"button.default\">\n\t\t\t\t<div class=\"elementor-widget-container\">\n\t\t\t\t\t<div class=\"elementor-button-wrapper\">\n\t\t\t<a href=\"https:\/\/autodromodeparauapebas.com.br\/wp-admin\/post.php\" class=\"elementor-button-link elementor-button elementor-size-sm\" role=\"button\">\n\t\t\t\t\t\t<span class=\"elementor-button-content-wrapper\">\n\t\t\t\t\t\t<span class=\"elementor-button-text\">VEJA AQUI<\/span>\n\t\t<\/span>\n\t\t\t\t\t<\/a>\n\t\t<\/div>\n\t\t\t\t<\/div>\n\t\t\t\t<\/div>\n\t\t\t\t\t<\/div>\n\t\t<\/div>\n\t\t\t\t<div class=\"elementor-column elementor-col-50 elementor-top-column elementor-element elementor-element-70acdf2\" data-id=\"70acdf2\" data-element_type=\"column\">\n\t\t\t<div class=\"elementor-widget-wrap elementor-element-populated\">\n\t\t\t\t\t\t\t\t<div class=\"elementor-element elementor-element-388e6870 elementor-widget elementor-widget-image\" data-id=\"388e6870\" data-element_type=\"widget\" data-widget_type=\"image.default\">\n\t\t\t\t<div class=\"elementor-widget-container\">\n\t\t\t<style>\/*! elementor - v3.6.2 - 04-04-2022 *\/\n.elementor-widget-image{text-align:center}.elementor-widget-image a{display:inline-block}.elementor-widget-image a img[src$=\".svg\"]{width:48px}.elementor-widget-image img{vertical-align:middle;display:inline-block}<\/style>\t\t\t\t\t\t\t\t\t\t\t\t<img loading=\"lazy\" decoding=\"async\" width=\"683\" height=\"600\" src=\"https:\/\/autodromodeparauapebas.com.br\/wp-content\/uploads\/2022\/04\/Image_Placeholder-13122021.jpg\" class=\"attachment-full size-full\" alt=\"\" srcset=\"https:\/\/autodromodeparauapebas.com.br\/wp-content\/uploads\/2022\/04\/Image_Placeholder-13122021.jpg 683w, https:\/\/autodromodeparauapebas.com.br\/wp-content\/uploads\/2022\/04\/Image_Placeholder-13122021-300x264.jpg 300w\" sizes=\"auto, (max-width: 683px) 100vw, 683px\" \/>\t\t\t\t\t\t\t\t\t\t\t\t\t\t\t<\/div>\n\t\t\t\t<\/div>\n\t\t\t\t\t<\/div>\n\t\t<\/div>\n\t\t\t\t\t\t\t<\/div>\n\t\t<\/section>\n\t\t\t\t\t\t\t<\/div>\n\t\t","protected":false},"excerpt":{"rendered":"<p>Fotos 3D do projeto Renderiza\u00e7\u00e3o 3D do projeto para melhor visualiza\u00e7\u00e3o do amplo projeto. Nossa cidade tur\u00edstica \u00c9 mais desenvolvimento sustent\u00e1vel.&nbsp; VEJA AQUI<\/p>\n","protected":false},"author":1,"featured_media":272,"parent":0,"menu_order":0,"comment_status":"closed","ping_status":"closed","template":"elementor_header_footer","meta":{"om_disable_all_campaigns":false,"_monsterinsights_skip_tracking":false,"_monsterinsights_sitenote_active":false,"_monsterinsights_sitenote_note":"","_monsterinsights_sitenote_category":0,"footnotes":""},"class_list":["post-29","page","type-page","status-publish","has-post-thumbnail","hentry"],"_links":{"self":[{"href":"https:\/\/autodromodeparauapebas.com.br\/index.php\/wp-json\/wp\/v2\/pages\/29","targetHints":{"allow":["GET"]}}],"collection":[{"href":"https:\/\/autodromodeparauapebas.com.br\/index.php\/wp-json\/wp\/v2\/pages"}],"about":[{"href":"https:\/\/autodromodeparauapebas.com.br\/index.php\/wp-json\/wp\/v2\/types\/page"}],"author":[{"embeddable":true,"href":"https:\/\/autodromodeparauapebas.com.br\/index.php\/wp-json\/wp\/v2\/users\/1"}],"replies":[{"embeddable":true,"href":"https:\/\/autodromodeparauapebas.com.br\/index.php\/wp-json\/wp\/v2\/comments?post=29"}],"version-history":[{"count":16,"href":"https:\/\/autodromodeparauapebas.com.br\/index.php\/wp-json\/wp\/v2\/pages\/29\/revisions"}],"predecessor-version":[{"id":327,"href":"https:\/\/autodromodeparauapebas.com.br\/index.php\/wp-json\/wp\/v2\/pages\/29\/revisions\/327"}],"wp:featuredmedia":[{"embeddable":true,"href":"https:\/\/autodromodeparauapebas.com.br\/index.php\/wp-json\/wp\/v2\/media\/272"}],"wp:attachment":[{"href":"https:\/\/autodromodeparauapebas.com.br\/index.php\/wp-json\/wp\/v2\/media?parent=29"}],"curies":[{"name":"wp","href":"https:\/\/api.w.org\/{rel}","templated":true}]}}